{"id":3,"date":"2025-01-28T12:56:08","date_gmt":"2025-01-28T12:56:08","guid":{"rendered":"https:\/\/www.motoparktestdays.com\/?page_id=3"},"modified":"2025-03-04T14:06:13","modified_gmt":"2025-03-04T13:06:13","slug":"privacy-policy","status":"publish","type":"page","link":"https:\/\/www.motoparktestdays.com\/?page_id=3","title":{"rendered":"Impressum"},"content":{"rendered":"\n<p>Motopark Academy GmbH<br>Motopark Allee 14<br>D-39387 Oschersleben<\/p>\n\n\n\n<p>Tel: +49 (0) 3949 5 10 57 0<br>Fax: +49 (0) 3949 5 10 57 15<br>office@motopark.com<br>www.motopark.com<\/p>\n\n\n\n<p>Gesch\u00e4ftsf\u00fchrer: Timo Rumpfkeil<br>USt-IdNr.: DE190408703<br>Amtsgericht \u2014 HRA \u2014<\/p>\n\n\n\n<p>Copyright \u00a9 2025 Motopark Academy GmbH<\/p>\n\n\n\n<p>Gestaltung und Realisierung: KSM SPORT MARKETING<\/p>\n\n\n\n<p>Rechtliche Hinweise:<br>Motopark Academy GmbH aktualisiert und pr\u00fcft st\u00e4ndig die bereit gestellten Informationen auf dieser Webpr\u00e4senz. Trotz aller Sorgfalt k\u00f6nnen sich die Daten inzwischen ver\u00e4ndert haben. Wir k\u00f6nnen daher keine Haftung oder Garantie f\u00fcr die Richtigkeit und Vollst\u00e4ndigkeit der zur Verf\u00fcgung gestellten Informationen \u00fcbernehmen. Gleiches gilt au\u00dferdem f\u00fcr alle anderen Webseiten, auf die mittels Hyperlink verwiesen wird. F\u00fcr den Inhalt der verlinkten Seiten sind ausschlie\u00dflich deren Betreiber verantwortlich. Des Weiteren beh\u00e4lt sich Motopark Academy GmbH das Recht vor, jederzeit \u00c4nderungen oder Erg\u00e4nzungen der bereit gestellten Informationen vorzunehmen. Alle Rechte vorbehalten. Text, Bilder, Grafiken, Audio-Files, Animationen und Videos sowie deren Anordnung auf den Webseiten der Motopark Academy GmbH unterliegen dem Schutz des Urheberrechts und anderen Schutzgesetzen. Der Inhalt dieser Websites darf nicht zu kommerziellen Zwecken kopiert, ver\u00e4ndert, verbreitet oder Dritten zug\u00e4nglich gemacht werden.<\/p>\n","protected":false},"excerpt":{"rendered":"<p>Motopark Academy GmbHMotopark Allee 14D-39387 Oschersleben Tel: +49 (0) 3949 5 10 57 0Fax: +49 (0) 3949 5 10 57 15office@motopark.comwww.motopark.com Gesch\u00e4ftsf\u00fchrer: Timo RumpfkeilUSt-IdNr.: DE190408703Amtsgericht \u2014 HRA \u2014 Copyright \u00a9 2025 Motopark Academy GmbH Gestaltung und Realisierung: KSM SPORT MARKETING Rechtliche Hinweise:Motopark Academy GmbH aktualisiert und pr\u00fcft st\u00e4ndig die bereit gestellten Informationen auf dieser Webpr\u00e4senz. [&hellip;]<\/p>\n","protected":false},"author":1,"featured_media":0,"parent":0,"menu_order":0,"comment_status":"closed","ping_status":"closed","template":"","meta":{"iawp_total_views":35,"footnotes":""},"class_list":["post-3","page","type-page","status-publish","hentry"],"_links":{"self":[{"href":"https:\/\/www.motoparktestdays.com\/index.php?rest_route=\/wp\/v2\/pages\/3","targetHints":{"allow":["GET"]}}],"collection":[{"href":"https:\/\/www.motoparktestdays.com\/index.php?rest_route=\/wp\/v2\/pages"}],"about":[{"href":"https:\/\/www.motoparktestdays.com\/index.php?rest_route=\/wp\/v2\/types\/page"}],"author":[{"embeddable":true,"href":"https:\/\/www.motoparktestdays.com\/index.php?rest_route=\/wp\/v2\/users\/1"}],"replies":[{"embeddable":true,"href":"https:\/\/www.motoparktestdays.com\/index.php?rest_route=%2Fwp%2Fv2%2Fcomments&post=3"}],"version-history":[{"count":5,"href":"https:\/\/www.motoparktestdays.com\/index.php?rest_route=\/wp\/v2\/pages\/3\/revisions"}],"predecessor-version":[{"id":385,"href":"https:\/\/www.motoparktestdays.com\/index.php?rest_route=\/wp\/v2\/pages\/3\/revisions\/385"}],"wp:attachment":[{"href":"https:\/\/www.motoparktestdays.com\/index.php?rest_route=%2Fwp%2Fv2%2Fmedia&parent=3"}],"curies":[{"name":"wp","href":"https:\/\/api.w.org\/{rel}","templated":true}]}}